{"id":874,"date":"2024-08-18T12:36:46","date_gmt":"2024-08-18T12:36:46","guid":{"rendered":"http:\/\/production\/?page_id=874"},"modified":"2024-09-03T23:14:06","modified_gmt":"2024-09-03T23:14:06","slug":"aviso-legal-y-politica-de-privacidad","status":"publish","type":"page","link":"https:\/\/abogadaosedin.com.ar\/?page_id=874","title":{"rendered":"Aviso Legal y Politica de Privacidad"},"content":{"rendered":"\t\t<div data-elementor-type=\"wp-page\" data-elementor-id=\"874\" class=\"elementor elementor-874\">\n\t\t\t\t<div class=\"elementor-element elementor-element-5db1559 e-flex e-con-boxed e-con e-parent\" data-id=\"5db1559\" data-element_type=\"container\">\n\t\t\t\t\t<div class=\"e-con-inner\">\n\t\t\t\t\t<\/div>\n\t\t\t\t<\/div>\n\t\t<div class=\"elementor-element elementor-element-26d0eb5 e-flex e-con-boxed e-con e-parent\" data-id=\"26d0eb5\" data-element_type=\"container\" data-settings=\"{&quot;background_background&quot;:&quot;classic&quot;}\">\n\t\t\t\t\t<div class=\"e-con-inner\">\n\t\t\t\t<div class=\"elementor-element elementor-element-1a33012 elementor-widget elementor-widget-text-editor\" data-id=\"1a33012\" data-element_type=\"widget\" data-widget_type=\"text-editor.default\">\n\t\t\t\t<div class=\"elementor-widget-container\">\n\t\t\t\t\t\t\t<p><strong>Aviso Legal<\/strong><\/p><p>El presente aviso legal regula el uso del sitio web abogadaosedin.com.ar,\u00a0 propiedad de la dra. Fernanda Mariela Osedin.<\/p><p><strong>Propiedad Intelectual e Industrial<\/strong><\/p><p>Todos los derechos de propiedad intelectual e industrial del sitio web y de sus contenidos (textos, im\u00e1genes, dise\u00f1os gr\u00e1ficos, logotipos, iconos, botones, software, etc.) son propiedad de la dra. Fernanda Mariela Osedin o de terceros que han autorizado su uso. Queda prohibida la reproducci\u00f3n, distribuci\u00f3n, comunicaci\u00f3n p\u00fablica y transformaci\u00f3n de dichos elementos sin la autorizaci\u00f3n expresa de su titular.<\/p><p><strong>Responsabilidad del Usuario<\/strong><\/p><p>El usuario se compromete a utilizar el sitio web de conformidad con la ley, la moral, el orden p\u00fablico y las presentes condiciones de uso. El usuario ser\u00e1 responsable frente a la dra. Fernanda Mariela Osedin o frente a terceros de cualquier da\u00f1o o perjuicio que pudiera derivarse del incumplimiento de dicha obligaci\u00f3n.<\/p><p><strong>Limitaci\u00f3n de Responsabilidad<\/strong><\/p><p>La dra. Fernanda Mariela Osedin no se responsabiliza de los da\u00f1os y perjuicios que pudieran derivarse de interferencias, omisiones, interrupciones, virus inform\u00e1ticos, aver\u00edas telef\u00f3nicas o desconexiones en el funcionamiento operativo de este sistema electr\u00f3nico, motivadas por causas ajenas a la dra. Fernanda Mariela Osedin; de retrasos o bloqueos en el uso del presente sistema electr\u00f3nico causados por deficiencias o sobrecargas en su centro de proceso de datos, de l\u00edneas telef\u00f3nicas, en el sistema de Internet o en otros sistemas electr\u00f3nicos; ni tampoco de da\u00f1os que puedan ser causados por terceras personas mediante intromisiones ileg\u00edtimas fuera del control de la dra. Fernanda Mariela Osedin.<\/p><p><strong>Ley Aplicable y Jurisdicci\u00f3n<\/strong><\/p><p>El presente aviso legal se rige en todos y cada uno de sus extremos por la ley espa\u00f1ola. Para la resoluci\u00f3n de cualquier controversia que pudiera surgir en relaci\u00f3n con el presente aviso legal, las partes acuerdan someterse a la jurisdicci\u00f3n y competencia de los juzgados y tribunales de la dra. Fernanda Mariela Osedin, con renuncia expresa a cualquier otro fuero que pudiera corresponderles.<\/p><p><strong>Contacto<\/strong><\/p><p>Para cualquier consulta o sugerencia respecto al presente aviso legal, puede contactar con nosotros a trav\u00e9s de abogadaosedin@gmail.com o mediante el formulario de contacto disponible en el sitio web.<\/p><p>Fecha de \u00faltima actualizaci\u00f3n: 04\/09\/2024<\/p>\t\t\t\t\t\t<\/div>\n\t\t\t\t<\/div>\n\t\t\t\t\t<\/div>\n\t\t\t\t<\/div>\n\t\t\t\t<\/div>\n\t\t","protected":false},"excerpt":{"rendered":"<p>Aviso Legal El presente aviso legal regula el uso del sitio web abogadaosedin.com.ar,\u00a0 propiedad de la dra. Fernanda Mariela Osedin. Propiedad Intelectual e Industrial Todos los derechos de propiedad intelectual e industrial del sitio web y de sus contenidos (textos, im\u00e1genes, dise\u00f1os gr\u00e1ficos, logotipos, iconos, botones, software, etc.) son propiedad de la dra. Fernanda Mariela [&hellip;]<\/p>\n","protected":false},"author":2,"featured_media":0,"parent":0,"menu_order":0,"comment_status":"closed","ping_status":"closed","template":"","meta":{"footnotes":""},"class_list":["post-874","page","type-page","status-publish","hentry"],"yoast_head":"<!-- This site is optimized with the Yoast SEO plugin v23.7 - https:\/\/yoast.com\/wordpress\/plugins\/seo\/ -->\n<title>Aviso Legal y Politica de Privacidad - Abogada Fernanda Osedin<\/title>\n<meta name=\"robots\" content=\"index, follow, max-snippet:-1, max-image-preview:large, max-video-preview:-1\" \/>\n<link rel=\"canonical\" href=\"https:\/\/abogadaosedin.com.ar\/?page_id=874\" \/>\n<meta property=\"og:locale\" content=\"es_ES\" \/>\n<meta property=\"og:type\" content=\"article\" \/>\n<meta property=\"og:title\" content=\"Aviso Legal y Politica de Privacidad - Abogada Fernanda Osedin\" \/>\n<meta property=\"og:description\" content=\"Aviso Legal El presente aviso legal regula el uso del sitio web abogadaosedin.com.ar,\u00a0 propiedad de la dra. Fernanda Mariela Osedin. Propiedad Intelectual e Industrial Todos los derechos de propiedad intelectual e industrial del sitio web y de sus contenidos (textos, im\u00e1genes, dise\u00f1os gr\u00e1ficos, logotipos, iconos, botones, software, etc.) son propiedad de la dra. Fernanda Mariela [&hellip;]\" \/>\n<meta property=\"og:url\" content=\"https:\/\/abogadaosedin.com.ar\/?page_id=874\" \/>\n<meta property=\"og:site_name\" content=\"Abogada Fernanda Osedin\" \/>\n<meta property=\"article:modified_time\" content=\"2024-09-03T23:14:06+00:00\" \/>\n<meta property=\"og:image\" content=\"https:\/\/abogadaosedin.com.ar\/produccion\/wp-content\/uploads\/2024\/09\/logo1-8-tab-icon.jpg\" \/>\n\t<meta property=\"og:image:width\" content=\"512\" \/>\n\t<meta property=\"og:image:height\" content=\"512\" \/>\n\t<meta property=\"og:image:type\" content=\"image\/jpeg\" \/>\n<meta name=\"twitter:card\" content=\"summary_large_image\" \/>\n<meta name=\"twitter:label1\" content=\"Tiempo de lectura\" \/>\n\t<meta name=\"twitter:data1\" content=\"2 minutos\" \/>\n<script type=\"application\/ld+json\" class=\"yoast-schema-graph\">{\"@context\":\"https:\/\/schema.org\",\"@graph\":[{\"@type\":\"WebPage\",\"@id\":\"https:\/\/abogadaosedin.com.ar\/?page_id=874\",\"url\":\"https:\/\/abogadaosedin.com.ar\/?page_id=874\",\"name\":\"Aviso Legal y Politica de Privacidad - Abogada Fernanda Osedin\",\"isPartOf\":{\"@id\":\"https:\/\/abogadaosedin.com.ar\/#website\"},\"datePublished\":\"2024-08-18T12:36:46+00:00\",\"dateModified\":\"2024-09-03T23:14:06+00:00\",\"breadcrumb\":{\"@id\":\"https:\/\/abogadaosedin.com.ar\/?page_id=874#breadcrumb\"},\"inLanguage\":\"es-AR\",\"potentialAction\":[{\"@type\":\"ReadAction\",\"target\":[\"https:\/\/abogadaosedin.com.ar\/?page_id=874\"]}]},{\"@type\":\"BreadcrumbList\",\"@id\":\"https:\/\/abogadaosedin.com.ar\/?page_id=874#breadcrumb\",\"itemListElement\":[{\"@type\":\"ListItem\",\"position\":1,\"name\":\"Inicio\",\"item\":\"https:\/\/abogadaosedin.com.ar\/\"},{\"@type\":\"ListItem\",\"position\":2,\"name\":\"Aviso Legal y Politica de Privacidad\"}]},{\"@type\":\"WebSite\",\"@id\":\"https:\/\/abogadaosedin.com.ar\/#website\",\"url\":\"https:\/\/abogadaosedin.com.ar\/\",\"name\":\"Abogada Fernanda Osedin\",\"description\":\"Servicios de asesoramiento y acompa\u00f1amiento legal\",\"potentialAction\":[{\"@type\":\"SearchAction\",\"target\":{\"@type\":\"EntryPoint\",\"urlTemplate\":\"https:\/\/abogadaosedin.com.ar\/?s={search_term_string}\"},\"query-input\":{\"@type\":\"PropertyValueSpecification\",\"valueRequired\":true,\"valueName\":\"search_term_string\"}}],\"inLanguage\":\"es-AR\"}]}<\/script>\n<!-- \/ Yoast SEO plugin. -->","yoast_head_json":{"title":"Aviso Legal y Politica de Privacidad - Abogada Fernanda Osedin","robots":{"index":"index","follow":"follow","max-snippet":"max-snippet:-1","max-image-preview":"max-image-preview:large","max-video-preview":"max-video-preview:-1"},"canonical":"https:\/\/abogadaosedin.com.ar\/?page_id=874","og_locale":"es_ES","og_type":"article","og_title":"Aviso Legal y Politica de Privacidad - Abogada Fernanda Osedin","og_description":"Aviso Legal El presente aviso legal regula el uso del sitio web abogadaosedin.com.ar,\u00a0 propiedad de la dra. Fernanda Mariela Osedin. Propiedad Intelectual e Industrial Todos los derechos de propiedad intelectual e industrial del sitio web y de sus contenidos (textos, im\u00e1genes, dise\u00f1os gr\u00e1ficos, logotipos, iconos, botones, software, etc.) son propiedad de la dra. Fernanda Mariela [&hellip;]","og_url":"https:\/\/abogadaosedin.com.ar\/?page_id=874","og_site_name":"Abogada Fernanda Osedin","article_modified_time":"2024-09-03T23:14:06+00:00","og_image":[{"width":512,"height":512,"url":"https:\/\/abogadaosedin.com.ar\/produccion\/wp-content\/uploads\/2024\/09\/logo1-8-tab-icon.jpg","type":"image\/jpeg"}],"twitter_card":"summary_large_image","twitter_misc":{"Tiempo de lectura":"2 minutos"},"schema":{"@context":"https:\/\/schema.org","@graph":[{"@type":"WebPage","@id":"https:\/\/abogadaosedin.com.ar\/?page_id=874","url":"https:\/\/abogadaosedin.com.ar\/?page_id=874","name":"Aviso Legal y Politica de Privacidad - Abogada Fernanda Osedin","isPartOf":{"@id":"https:\/\/abogadaosedin.com.ar\/#website"},"datePublished":"2024-08-18T12:36:46+00:00","dateModified":"2024-09-03T23:14:06+00:00","breadcrumb":{"@id":"https:\/\/abogadaosedin.com.ar\/?page_id=874#breadcrumb"},"inLanguage":"es-AR","potentialAction":[{"@type":"ReadAction","target":["https:\/\/abogadaosedin.com.ar\/?page_id=874"]}]},{"@type":"BreadcrumbList","@id":"https:\/\/abogadaosedin.com.ar\/?page_id=874#breadcrumb","itemListElement":[{"@type":"ListItem","position":1,"name":"Inicio","item":"https:\/\/abogadaosedin.com.ar\/"},{"@type":"ListItem","position":2,"name":"Aviso Legal y Politica de Privacidad"}]},{"@type":"WebSite","@id":"https:\/\/abogadaosedin.com.ar\/#website","url":"https:\/\/abogadaosedin.com.ar\/","name":"Abogada Fernanda Osedin","description":"Servicios de asesoramiento y acompa\u00f1amiento legal","potentialAction":[{"@type":"SearchAction","target":{"@type":"EntryPoint","urlTemplate":"https:\/\/abogadaosedin.com.ar\/?s={search_term_string}"},"query-input":{"@type":"PropertyValueSpecification","valueRequired":true,"valueName":"search_term_string"}}],"inLanguage":"es-AR"}]}},"_links":{"self":[{"href":"https:\/\/abogadaosedin.com.ar\/index.php?rest_route=\/wp\/v2\/pages\/874","targetHints":{"allow":["GET"]}}],"collection":[{"href":"https:\/\/abogadaosedin.com.ar\/index.php?rest_route=\/wp\/v2\/pages"}],"about":[{"href":"https:\/\/abogadaosedin.com.ar\/index.php?rest_route=\/wp\/v2\/types\/page"}],"author":[{"embeddable":true,"href":"https:\/\/abogadaosedin.com.ar\/index.php?rest_route=\/wp\/v2\/users\/2"}],"replies":[{"embeddable":true,"href":"https:\/\/abogadaosedin.com.ar\/index.php?rest_route=%2Fwp%2Fv2%2Fcomments&post=874"}],"version-history":[{"count":0,"href":"https:\/\/abogadaosedin.com.ar\/index.php?rest_route=\/wp\/v2\/pages\/874\/revisions"}],"wp:attachment":[{"href":"https:\/\/abogadaosedin.com.ar\/index.php?rest_route=%2Fwp%2Fv2%2Fmedia&parent=874"}],"curies":[{"name":"wp","href":"https:\/\/api.w.org\/{rel}","templated":true}]}}